{"id":7852,"date":"2024-10-28T14:04:37","date_gmt":"2024-10-28T13:04:37","guid":{"rendered":"https:\/\/valverbe.etinet.it\/prodotto\/https-valverbe-etinet-it-prodotto-tiglio-e-biancospino-macerato-idrogliceroalcolico-50-ml\/"},"modified":"2024-12-06T10:43:39","modified_gmt":"2024-12-06T09:43:39","slug":"tiglio-e-biancospino-macerato-idrogliceroalcolico-50-ml","status":"publish","type":"product","link":"https:\/\/valverbe.it\/fr\/prodotto\/tiglio-e-biancospino-macerato-idrogliceroalcolico-50-ml\/","title":{"rendered":"MAC\u00c9RAT HYDROGLYC\u00c9RO-ALCOOLIQUE BIO DE TILLE ET D&#39;AUB\u00c9PINE &#8211; 50ml &#8211; Alcool 30% Vol"},"content":{"rendered":"","protected":false},"excerpt":{"rendered":"","protected":false},"featured_media":9480,"comment_status":"closed","ping_status":"closed","template":"","meta":{"_acf_changed":false},"marchi":[],"product_brand":[],"product_cat":[456],"product_tag":[],"class_list":{"0":"post-7852","1":"product","2":"type-product","3":"status-publish","4":"has-post-thumbnail","6":"product_cat-macerati-glicoalcolici","8":"first","9":"instock","10":"purchasable","11":"product-type-simple"},"acf":[],"_links":{"self":[{"href":"https:\/\/valverbe.it\/fr\/wp-json\/wp\/v2\/product\/7852","targetHints":{"allow":["GET"]}}],"collection":[{"href":"https:\/\/valverbe.it\/fr\/wp-json\/wp\/v2\/product"}],"about":[{"href":"https:\/\/valverbe.it\/fr\/wp-json\/wp\/v2\/types\/product"}],"replies":[{"embeddable":true,"href":"https:\/\/valverbe.it\/fr\/wp-json\/wp\/v2\/comments?post=7852"}],"wp:featuredmedia":[{"embeddable":true,"href":"https:\/\/valverbe.it\/fr\/wp-json\/wp\/v2\/media\/9480"}],"wp:attachment":[{"href":"https:\/\/valverbe.it\/fr\/wp-json\/wp\/v2\/media?parent=7852"}],"wp:term":[{"taxonomy":"marchi","embeddable":true,"href":"https:\/\/valverbe.it\/fr\/wp-json\/wp\/v2\/marchi?post=7852"},{"taxonomy":"product_brand","embeddable":true,"href":"https:\/\/valverbe.it\/fr\/wp-json\/wp\/v2\/product_brand?post=7852"},{"taxonomy":"product_cat","embeddable":true,"href":"https:\/\/valverbe.it\/fr\/wp-json\/wp\/v2\/product_cat?post=7852"},{"taxonomy":"product_tag","embeddable":true,"href":"https:\/\/valverbe.it\/fr\/wp-json\/wp\/v2\/product_tag?post=7852"}],"curies":[{"name":"wp","href":"https:\/\/api.w.org\/{rel}","templated":true}]}}