{"id":7519,"date":"2024-10-28T14:04:25","date_gmt":"2024-10-28T13:04:25","guid":{"rendered":"https:\/\/valverbe.etinet.it\/prodotto\/https-valverbe-etinet-it-prodotto-caramelle-monviselle-senenity\/"},"modified":"2024-12-06T10:43:41","modified_gmt":"2024-12-06T09:43:41","slug":"caramelle-monviselle-senenity","status":"publish","type":"product","link":"https:\/\/valverbe.it\/fr\/prodotto\/caramelle-monviselle-senenity\/","title":{"rendered":"Bonbons Monviselle &#8211; S\u00e9r\u00e9nit\u00e9 &#8211; 30g"},"content":{"rendered":"","protected":false},"excerpt":{"rendered":"","protected":false},"featured_media":2597,"comment_status":"closed","ping_status":"closed","template":"","meta":{"_acf_changed":false},"marchi":[],"product_brand":[],"product_cat":[719],"product_tag":[],"class_list":{"0":"post-7519","1":"product","2":"type-product","3":"status-publish","4":"has-post-thumbnail","6":"product_cat-bonbons-aux-herbes","8":"first","9":"instock","10":"sale","11":"purchasable","12":"product-type-simple"},"acf":[],"_links":{"self":[{"href":"https:\/\/valverbe.it\/fr\/wp-json\/wp\/v2\/product\/7519","targetHints":{"allow":["GET"]}}],"collection":[{"href":"https:\/\/valverbe.it\/fr\/wp-json\/wp\/v2\/product"}],"about":[{"href":"https:\/\/valverbe.it\/fr\/wp-json\/wp\/v2\/types\/product"}],"replies":[{"embeddable":true,"href":"https:\/\/valverbe.it\/fr\/wp-json\/wp\/v2\/comments?post=7519"}],"wp:featuredmedia":[{"embeddable":true,"href":"https:\/\/valverbe.it\/fr\/wp-json\/wp\/v2\/media\/2597"}],"wp:attachment":[{"href":"https:\/\/valverbe.it\/fr\/wp-json\/wp\/v2\/media?parent=7519"}],"wp:term":[{"taxonomy":"marchi","embeddable":true,"href":"https:\/\/valverbe.it\/fr\/wp-json\/wp\/v2\/marchi?post=7519"},{"taxonomy":"product_brand","embeddable":true,"href":"https:\/\/valverbe.it\/fr\/wp-json\/wp\/v2\/product_brand?post=7519"},{"taxonomy":"product_cat","embeddable":true,"href":"https:\/\/valverbe.it\/fr\/wp-json\/wp\/v2\/product_cat?post=7519"},{"taxonomy":"product_tag","embeddable":true,"href":"https:\/\/valverbe.it\/fr\/wp-json\/wp\/v2\/product_tag?post=7519"}],"curies":[{"name":"wp","href":"https:\/\/api.w.org\/{rel}","templated":true}]}}