{"id":7031,"date":"2024-10-28T14:03:30","date_gmt":"2024-10-28T13:03:30","guid":{"rendered":"https:\/\/valverbe.etinet.it\/prodotto\/https-valverbe-etinet-it-prodotto-cofanetto-tisane-legno-90-bustine\/"},"modified":"2024-12-06T10:43:51","modified_gmt":"2024-12-06T09:43:51","slug":"cofanetto-tisane-legno-90-bustine","status":"publish","type":"product","link":"https:\/\/valverbe.it\/fr\/prodotto\/cofanetto-tisane-legno-90-bustine\/","title":{"rendered":"Bo\u00eete \u00e0 tisane en bois personnalis\u00e9e Valverbe &#8211; Marron &#8211; Vide"},"content":{"rendered":"","protected":false},"excerpt":{"rendered":"","protected":false},"featured_media":9644,"comment_status":"closed","ping_status":"closed","template":"","meta":{"_acf_changed":false},"marchi":[],"product_brand":[],"product_cat":[464,465,666,368],"product_tag":[],"class_list":{"0":"post-7031","1":"product","2":"type-product","3":"status-publish","4":"has-post-thumbnail","6":"product_cat-tisane-in-filtro","7":"product_cat-linea-valverbe-chiesetta-tisane-in-filtro","8":"product_cat-mix-assortiti-linea-valverbe-chiesetta-tisane-in-filtro","9":"product_cat-idee-regalo","11":"first","12":"outofstock","13":"sale","14":"purchasable","15":"product-type-simple"},"acf":[],"_links":{"self":[{"href":"https:\/\/valverbe.it\/fr\/wp-json\/wp\/v2\/product\/7031","targetHints":{"allow":["GET"]}}],"collection":[{"href":"https:\/\/valverbe.it\/fr\/wp-json\/wp\/v2\/product"}],"about":[{"href":"https:\/\/valverbe.it\/fr\/wp-json\/wp\/v2\/types\/product"}],"replies":[{"embeddable":true,"href":"https:\/\/valverbe.it\/fr\/wp-json\/wp\/v2\/comments?post=7031"}],"wp:featuredmedia":[{"embeddable":true,"href":"https:\/\/valverbe.it\/fr\/wp-json\/wp\/v2\/media\/9644"}],"wp:attachment":[{"href":"https:\/\/valverbe.it\/fr\/wp-json\/wp\/v2\/media?parent=7031"}],"wp:term":[{"taxonomy":"marchi","embeddable":true,"href":"https:\/\/valverbe.it\/fr\/wp-json\/wp\/v2\/marchi?post=7031"},{"taxonomy":"product_brand","embeddable":true,"href":"https:\/\/valverbe.it\/fr\/wp-json\/wp\/v2\/product_brand?post=7031"},{"taxonomy":"product_cat","embeddable":true,"href":"https:\/\/valverbe.it\/fr\/wp-json\/wp\/v2\/product_cat?post=7031"},{"taxonomy":"product_tag","embeddable":true,"href":"https:\/\/valverbe.it\/fr\/wp-json\/wp\/v2\/product_tag?post=7031"}],"curies":[{"name":"wp","href":"https:\/\/api.w.org\/{rel}","templated":true}]}}