{"id":6574,"date":"2024-10-28T14:03:30","date_gmt":"2024-10-28T13:03:30","guid":{"rendered":"https:\/\/valverbe.etinet.it\/prodotto\/https-valverbe-etinet-it-prodotto-te-verde-deteinato__trashed\/"},"modified":"2024-12-06T10:43:51","modified_gmt":"2024-12-06T09:43:51","slug":"te-verde-deteinato__trashed","status":"publish","type":"product","link":"https:\/\/valverbe.it\/fr\/prodotto\/te-verde-deteinato__trashed\/","title":{"rendered":"Th\u00e9 vert d\u00e9caf\u00e9in\u00e9 &#8211; Valverbe-30g-20Filtres"},"content":{"rendered":"","protected":false},"excerpt":{"rendered":"","protected":false},"featured_media":9900,"comment_status":"closed","ping_status":"closed","template":"","meta":{"_acf_changed":false},"marchi":[],"product_brand":[],"product_cat":[464,465,474],"product_tag":[],"class_list":{"0":"post-6574","1":"product","2":"type-product","3":"status-publish","4":"has-post-thumbnail","6":"product_cat-tisane-in-filtro","7":"product_cat-linea-valverbe-chiesetta-tisane-in-filtro","8":"product_cat-i-nostri-te-chiesetta","10":"first","11":"instock","12":"sale","13":"purchasable","14":"product-type-simple"},"acf":[],"_links":{"self":[{"href":"https:\/\/valverbe.it\/fr\/wp-json\/wp\/v2\/product\/6574","targetHints":{"allow":["GET"]}}],"collection":[{"href":"https:\/\/valverbe.it\/fr\/wp-json\/wp\/v2\/product"}],"about":[{"href":"https:\/\/valverbe.it\/fr\/wp-json\/wp\/v2\/types\/product"}],"replies":[{"embeddable":true,"href":"https:\/\/valverbe.it\/fr\/wp-json\/wp\/v2\/comments?post=6574"}],"wp:featuredmedia":[{"embeddable":true,"href":"https:\/\/valverbe.it\/fr\/wp-json\/wp\/v2\/media\/9900"}],"wp:attachment":[{"href":"https:\/\/valverbe.it\/fr\/wp-json\/wp\/v2\/media?parent=6574"}],"wp:term":[{"taxonomy":"marchi","embeddable":true,"href":"https:\/\/valverbe.it\/fr\/wp-json\/wp\/v2\/marchi?post=6574"},{"taxonomy":"product_brand","embeddable":true,"href":"https:\/\/valverbe.it\/fr\/wp-json\/wp\/v2\/product_brand?post=6574"},{"taxonomy":"product_cat","embeddable":true,"href":"https:\/\/valverbe.it\/fr\/wp-json\/wp\/v2\/product_cat?post=6574"},{"taxonomy":"product_tag","embeddable":true,"href":"https:\/\/valverbe.it\/fr\/wp-json\/wp\/v2\/product_tag?post=6574"}],"curies":[{"name":"wp","href":"https:\/\/api.w.org\/{rel}","templated":true}]}}