{"id":22087,"date":"2026-02-19T10:17:22","date_gmt":"2026-02-19T09:17:22","guid":{"rendered":"https:\/\/valverbe.it\/prodotto\/kit-6-oeufs-en-boite-a-collectionner-melange-3-couleurs-3-saveurs-9-filtres-12-g-pour-chaque-oeuf\/"},"modified":"2026-02-19T10:17:22","modified_gmt":"2026-02-19T09:17:22","slug":"kit-6-oeufs-en-boite-a-collectionner-melange-3-couleurs-3-saveurs-9-filtres-12-g-pour-chaque-oeuf","status":"publish","type":"product","link":"https:\/\/valverbe.it\/fr\/prodotto\/kit-6-oeufs-en-boite-a-collectionner-melange-3-couleurs-3-saveurs-9-filtres-12-g-pour-chaque-oeuf\/","title":{"rendered":"KIT 6 \u0152UFS EN BO\u00ceTE \u00c0 COLLECTIONNER &#8211; M\u00e9lange 3 couleurs &#8211; 3 saveurs &#8211; 9 filtres 12 g pour chaque \u0153uf"},"content":{"rendered":"","protected":false},"excerpt":{"rendered":"","protected":false},"featured_media":21831,"comment_status":"closed","ping_status":"closed","template":"","meta":{"_acf_changed":false},"marchi":[240],"product_brand":[],"product_cat":[722,732,760],"product_tag":[],"class_list":{"0":"post-22087","1":"product","2":"type-product","3":"status-publish","4":"has-post-thumbnail","6":"marchi-linea-valverbe-chiesetta","7":"product_cat-line-valverbe-chiesetta-tisanes-en-filtre","8":"product_cat-melanges-assortis-ligne-valverbe-chiesetta-tisanes-en-filtre","9":"product_cat-idees-cadeaux","11":"first","12":"instock","13":"shipping-taxable","14":"purchasable","15":"product-type-simple"},"acf":[],"_links":{"self":[{"href":"https:\/\/valverbe.it\/fr\/wp-json\/wp\/v2\/product\/22087","targetHints":{"allow":["GET"]}}],"collection":[{"href":"https:\/\/valverbe.it\/fr\/wp-json\/wp\/v2\/product"}],"about":[{"href":"https:\/\/valverbe.it\/fr\/wp-json\/wp\/v2\/types\/product"}],"replies":[{"embeddable":true,"href":"https:\/\/valverbe.it\/fr\/wp-json\/wp\/v2\/comments?post=22087"}],"wp:featuredmedia":[{"embeddable":true,"href":"https:\/\/valverbe.it\/fr\/wp-json\/wp\/v2\/media\/21831"}],"wp:attachment":[{"href":"https:\/\/valverbe.it\/fr\/wp-json\/wp\/v2\/media?parent=22087"}],"wp:term":[{"taxonomy":"marchi","embeddable":true,"href":"https:\/\/valverbe.it\/fr\/wp-json\/wp\/v2\/marchi?post=22087"},{"taxonomy":"product_brand","embeddable":true,"href":"https:\/\/valverbe.it\/fr\/wp-json\/wp\/v2\/product_brand?post=22087"},{"taxonomy":"product_cat","embeddable":true,"href":"https:\/\/valverbe.it\/fr\/wp-json\/wp\/v2\/product_cat?post=22087"},{"taxonomy":"product_tag","embeddable":true,"href":"https:\/\/valverbe.it\/fr\/wp-json\/wp\/v2\/product_tag?post=22087"}],"curies":[{"name":"wp","href":"https:\/\/api.w.org\/{rel}","templated":true}]}}