{"id":21834,"date":"2026-02-19T10:52:15","date_gmt":"2026-02-19T09:52:15","guid":{"rendered":"https:\/\/valverbe.it\/?post_type=product&#038;p=21834"},"modified":"2026-03-10T09:20:05","modified_gmt":"2026-03-10T08:20:05","slug":"valverbe-mug-en-verre-pour-tisanes-copia-copia-copia","status":"publish","type":"product","link":"https:\/\/valverbe.it\/fr\/prodotto\/valverbe-mug-en-verre-pour-tisanes-copia-copia-copia\/","title":{"rendered":"Tasse Mug en c\u00e9ramique pour tisanes \u00e9dition limit\u00e9e Color Bloom"},"content":{"rendered":"","protected":false},"excerpt":{"rendered":"","protected":false},"featured_media":21804,"comment_status":"closed","ping_status":"closed","template":"","meta":{"_acf_changed":false},"marchi":[240],"product_brand":[],"product_cat":[465,450,368],"product_tag":[],"class_list":{"0":"post-21834","1":"product","2":"type-product","3":"status-publish","4":"has-post-thumbnail","6":"marchi-linea-valverbe-chiesetta","7":"product_cat-linea-valverbe-chiesetta-tisane-in-filtro","8":"product_cat-tazze-e-thermos","9":"product_cat-idee-regalo","11":"first","12":"outofstock","13":"purchasable","14":"product-type-simple"},"acf":[],"_links":{"self":[{"href":"https:\/\/valverbe.it\/fr\/wp-json\/wp\/v2\/product\/21834","targetHints":{"allow":["GET"]}}],"collection":[{"href":"https:\/\/valverbe.it\/fr\/wp-json\/wp\/v2\/product"}],"about":[{"href":"https:\/\/valverbe.it\/fr\/wp-json\/wp\/v2\/types\/product"}],"replies":[{"embeddable":true,"href":"https:\/\/valverbe.it\/fr\/wp-json\/wp\/v2\/comments?post=21834"}],"wp:featuredmedia":[{"embeddable":true,"href":"https:\/\/valverbe.it\/fr\/wp-json\/wp\/v2\/media\/21804"}],"wp:attachment":[{"href":"https:\/\/valverbe.it\/fr\/wp-json\/wp\/v2\/media?parent=21834"}],"wp:term":[{"taxonomy":"marchi","embeddable":true,"href":"https:\/\/valverbe.it\/fr\/wp-json\/wp\/v2\/marchi?post=21834"},{"taxonomy":"product_brand","embeddable":true,"href":"https:\/\/valverbe.it\/fr\/wp-json\/wp\/v2\/product_brand?post=21834"},{"taxonomy":"product_cat","embeddable":true,"href":"https:\/\/valverbe.it\/fr\/wp-json\/wp\/v2\/product_cat?post=21834"},{"taxonomy":"product_tag","embeddable":true,"href":"https:\/\/valverbe.it\/fr\/wp-json\/wp\/v2\/product_tag?post=21834"}],"curies":[{"name":"wp","href":"https:\/\/api.w.org\/{rel}","templated":true}]}}