{"id":10310,"date":"2025-01-16T13:04:19","date_gmt":"2025-01-16T12:04:19","guid":{"rendered":"https:\/\/valverbe.it\/?post_type=product&#038;p=10310"},"modified":"2025-10-24T13:00:25","modified_gmt":"2025-10-24T11:00:25","slug":"tisane-refluxus-terraemonaci-30g-20-filtres-copia","status":"publish","type":"product","link":"https:\/\/valverbe.it\/fr\/prodotto\/tisane-refluxus-terraemonaci-30g-20-filtres-copia\/","title":{"rendered":"Tisane Refluxus -TerraeMonaci-30g-20 Filtres"},"content":{"rendered":"<p>Compl\u00e9ment alimentaire \u00e0 base de plantes, notamment de m\u00e9lisse et de gingembre qui favorisent la motilit\u00e9 gastrique r\u00e9guli\u00e8re, et de camomille pour un effet \u00e9mollient et apaisant sur le syst\u00e8me digestif.<\/p>\n","protected":false},"excerpt":{"rendered":"<p>Compl\u00e9ment alimentaire \u00e0 base de plantes, notamment de m\u00e9lisse et de gingembre qui favorisent la motilit\u00e9 gastrique r\u00e9guli\u00e8re, et de camomille pour un effet \u00e9mollient et apaisant sur le syst\u00e8me [&hellip;]<\/p>\n","protected":false},"featured_media":10314,"comment_status":"closed","ping_status":"closed","template":"","meta":{"_acf_changed":false},"marchi":[],"product_brand":[],"product_cat":[464,550,467],"product_tag":[],"class_list":{"0":"post-10310","1":"product","2":"type-product","3":"status-publish","4":"has-post-thumbnail","6":"product_cat-tisane-in-filtro","7":"product_cat-tisane-per-il-benessere","8":"product_cat-tisane-digestive-linea-valverbe-chiesetta-tisane-in-filtro","10":"first","11":"instock","12":"sale","13":"purchasable","14":"product-type-simple"},"acf":[],"_links":{"self":[{"href":"https:\/\/valverbe.it\/fr\/wp-json\/wp\/v2\/product\/10310","targetHints":{"allow":["GET"]}}],"collection":[{"href":"https:\/\/valverbe.it\/fr\/wp-json\/wp\/v2\/product"}],"about":[{"href":"https:\/\/valverbe.it\/fr\/wp-json\/wp\/v2\/types\/product"}],"replies":[{"embeddable":true,"href":"https:\/\/valverbe.it\/fr\/wp-json\/wp\/v2\/comments?post=10310"}],"wp:featuredmedia":[{"embeddable":true,"href":"https:\/\/valverbe.it\/fr\/wp-json\/wp\/v2\/media\/10314"}],"wp:attachment":[{"href":"https:\/\/valverbe.it\/fr\/wp-json\/wp\/v2\/media?parent=10310"}],"wp:term":[{"taxonomy":"marchi","embeddable":true,"href":"https:\/\/valverbe.it\/fr\/wp-json\/wp\/v2\/marchi?post=10310"},{"taxonomy":"product_brand","embeddable":true,"href":"https:\/\/valverbe.it\/fr\/wp-json\/wp\/v2\/product_brand?post=10310"},{"taxonomy":"product_cat","embeddable":true,"href":"https:\/\/valverbe.it\/fr\/wp-json\/wp\/v2\/product_cat?post=10310"},{"taxonomy":"product_tag","embeddable":true,"href":"https:\/\/valverbe.it\/fr\/wp-json\/wp\/v2\/product_tag?post=10310"}],"curies":[{"name":"wp","href":"https:\/\/api.w.org\/{rel}","templated":true}]}}